{"id":26,"date":"2022-08-24T03:44:13","date_gmt":"2022-08-24T03:44:13","guid":{"rendered":"https:\/\/demo.ovatheme.com\/mellis\/?page_id=26"},"modified":"2023-08-09T15:33:34","modified_gmt":"2023-08-09T15:33:34","slug":"khoa-dao-tao","status":"publish","type":"page","link":"https:\/\/visagiocollege.de\/de\/khoa-dao-tao\/","title":{"rendered":"Ausbildungsprogramme"},"content":{"rendered":"<div data-elementor-type=\"wp-page\" data-elementor-id=\"26\" class=\"elementor elementor-26\">\n\t\t\t\t\t\t<section class=\"elementor-section elementor-top-section elementor-element elementor-element-579742e elementor-section-boxed elementor-section-height-default elementor-section-height-default\" data-id=\"579742e\" data-element_type=\"section\" data-settings=\"{&quot;background_background&quot;:&quot;classic&quot;}\">\n\t\t\t\t\t\t<div class=\"elementor-container elementor-column-gap-no\">\n\t\t\t\t\t<div class=\"elementor-column elementor-col-100 elementor-top-column elementor-element elementor-element-5ed3429\" data-id=\"5ed3429\" data-element_type=\"column\">\n\t\t\t<div class=\"elementor-widget-wrap elementor-element-populated\">\n\t\t\t\t\t\t<section class=\"elementor-section elementor-inner-section elementor-element elementor-element-dbefaba elementor-section-full_width elementor-section-height-default elementor-section-height-default\" data-id=\"dbefaba\" data-element_type=\"section\">\n\t\t\t\t\t\t<div class=\"elementor-container elementor-column-gap-no\">\n\t\t\t\t\t<div class=\"elementor-column elementor-col-50 elementor-inner-column elementor-element elementor-element-5d24a5b\" data-id=\"5d24a5b\" data-element_type=\"column\">\n\t\t\t<div class=\"elementor-widget-wrap elementor-element-populated\">\n\t\t\t\t\t\t<div class=\"elementor-element elementor-element-391ba17 elementor-widget elementor-widget-mellis_elementor_heading\" data-id=\"391ba17\" data-element_type=\"widget\" data-widget_type=\"mellis_elementor_heading.default\">\n\t\t\t\t<div class=\"elementor-widget-container\">\n\t\t\t\t\t\t\t<div class=\"ova-title\">\n\n\t\t\t\t\t\t\t<h3 class=\"sub-title\">AUSBILDUNG<\/h3>\n\t\t\t\n\t\t\t\t\t\t\t\n\t\t\t\t\t\t\t<h2 class=\"title\">\n\n\t\t\t\t\t\t\t\t\nAUSBILDUNGSPROGRAMME\t\t\t\t\t\t\t\t \n\n\t\t\t\t\t\t\t<\/h2>\n\t\t\t\t\t\t\t\n\t\t\t\n\t\t\t\n\t\t<\/div>\n\t\t \t\n\n\t\t\t\t\t\t<\/div>\n\t\t\t\t<\/div>\n\t\t\t\t\t<\/div>\n\t\t<\/div>\n\t\t\t\t<div class=\"elementor-column elementor-col-50 elementor-inner-column elementor-element elementor-element-ce7a175\" data-id=\"ce7a175\" data-element_type=\"column\">\n\t\t\t<div class=\"elementor-widget-wrap elementor-element-populated\">\n\t\t\t\t\t\t<div class=\"elementor-element elementor-element-950e68c elementor-widget__width-initial elementor-widget elementor-widget-mellis_elementor_heading\" data-id=\"950e68c\" data-element_type=\"widget\" data-widget_type=\"mellis_elementor_heading.default\">\n\t\t\t\t<div class=\"elementor-widget-container\">\n\t\t\t\t\t\t\t<div class=\"ova-title\">\n\n\t\t\t\n\t\t\t\n\t\t\t\n\t\t\t\t\t\t\t<p class=\"description\"> Unsere Qualit\u00e4t und Professionalit\u00e4t wird best\u00e4tigt durch die DIN ISO 9001 Zertifizierung, die unser Streben nach exzellenten Ausbildungsstandards, Kundenzufriedenheit und kontinuierliche Verbesserung unterstreicht. Dar\u00fcber hinaus sind wir auch AZAV zertifiziert, was bedeutet, dass Sch\u00fcler, die Unterst\u00fctzung vom Job-Center bzw. Agentur f\u00fcr Arbeit erhalten, unsere Kurse zu 100% gef\u00f6rdert bekommen k\u00f6nnen \u2013 sie lernen also komplett kostenlos. <\/p>\n\t\t\t\n\t\t<\/div>\n\t\t \t\n\n\t\t\t\t\t\t<\/div>\n\t\t\t\t<\/div>\n\t\t\t\t\t<\/div>\n\t\t<\/div>\n\t\t\t\t\t<\/div>\n\t\t<\/section>\n\t\t\t\t\t<\/div>\n\t\t<\/div>\n\t\t\t\t\t<\/div>\n\t\t<\/section>\n\t\t\t\t<section class=\"elementor-section elementor-top-section elementor-element elementor-element-f22747d elementor-section-boxed elementor-section-height-default elementor-section-height-default\" data-id=\"f22747d\" data-element_type=\"section\">\n\t\t\t\t\t\t<div class=\"elementor-container elementor-column-gap-default\">\n\t\t\t\t\t<div class=\"elementor-column elementor-col-100 elementor-top-column elementor-element elementor-element-4e40d0f\" data-id=\"4e40d0f\" data-element_type=\"column\">\n\t\t\t<div class=\"elementor-widget-wrap elementor-element-populated\">\n\t\t\t\t\t\t<div class=\"elementor-element elementor-element-93425eb elementor-widget elementor-widget-ovasev_elementor_service_box\" data-id=\"93425eb\" data-element_type=\"widget\" data-widget_type=\"ovasev_elementor_service_box.default\">\n\t\t\t\t<div class=\"elementor-widget-container\">\n\t\t\t\t\t\n<div class=\"ova-service-box-elementor three_column\">\n\n\t\n\t\t\n\t\n\t\t<div class=\"ova-service-box-template1\">\n\n\t\t\t \n\t\t\t    <div class=\"mask\" style=\"background-image: url(http:\/\/demo.ovatheme.com\/mellis\/wp-content\/uploads\/2022\/08\/flowers2.png)\"><\/div>\n\t\t    \n\t\t    <div class=\"img-service\">\t\n\t\t    \t<img decoding=\"async\" src=\"https:\/\/visagiocollege.de\/wp-content\/uploads\/2022\/08\/client-treatment-result-200x200.jpg\" alt=\"Kosmetik (Ch\u0103m s\u00f3c da chuy\u00ean s\u00e2u)\">\n\t\t    \t\t\t\t\t\t<div class=\"icon\">\n\t\t\t\t\t\t<i class=\"flaticon-facial-mask-1\"><\/i>\n\t\t\t\t\t<\/div>\n\t\t\t\t\t\t    <\/div>\n\t\t    \n\t\t    <div class=\"info\">\n\t\t    \t\t\t\t\t\t<a href=\"https:\/\/visagiocollege.de\/de\/service\/kosmetik\/\"  title=\"Kosmetik\">\n\t\t\t\t\n\t\t\t        \t\t\t\t\t\t<h4 class=\"title\">\n\t\t\t\t\t\t\tKosmetik\t\t\t\t\t\t<\/h4>\n\t\t\t\t\t\n\t\t\t\t\t\t\t\t\t<\/a>\n\t\t\t\t               \n                \n\t\t\t\t<a class=\"book-button\" href=\"https:\/\/visagiocollege.de\/de\/service\/kosmetik\/\"  title=\"Kosmetik\">\n\t\t\t\t\tWeiterlesen\t\t\t\t\t<i class=\"flaticon flaticon-right-arrow\"><\/i>\n\t\t\t\t<\/a>\n\t\t    <\/div>\n\n\t\t<\/div>\n\n\t\n\t\n\t\t\n\t\n\t\t<div class=\"ova-service-box-template1\">\n\n\t\t\t \n\t\t\t    <div class=\"mask\" style=\"background-image: url(http:\/\/demo.ovatheme.com\/mellis\/wp-content\/uploads\/2022\/08\/flowers2.png)\"><\/div>\n\t\t    \n\t\t    <div class=\"img-service\">\t\n\t\t    \t<img decoding=\"async\" src=\"https:\/\/visagiocollege.de\/wp-content\/uploads\/2022\/08\/popup-gallery-09-200x200.jpg\" alt=\"Massage th\u01b0 gi\u00e3n v\u00e0 \u0111i\u1ec1u tr\u1ecb\">\n\t\t    \t\t\t\t\t\t<div class=\"icon\">\n\t\t\t\t\t\t<i class=\"flaticon-massage-2\"><\/i>\n\t\t\t\t\t<\/div>\n\t\t\t\t\t\t    <\/div>\n\t\t    \n\t\t    <div class=\"info\">\n\t\t    \t\t\t\t\t\t<a href=\"https:\/\/visagiocollege.de\/de\/service\/massage\/\"  title=\"Massage\">\n\t\t\t\t\n\t\t\t        \t\t\t\t\t\t<h4 class=\"title\">\n\t\t\t\t\t\t\tMassage\t\t\t\t\t\t<\/h4>\n\t\t\t\t\t\n\t\t\t\t\t\t\t\t\t<\/a>\n\t\t\t\t               \n                \n\t\t\t\t<a class=\"book-button\" href=\"https:\/\/visagiocollege.de\/de\/service\/massage\/\"  title=\"Massage\">\n\t\t\t\t\tWeiterlesen\t\t\t\t\t<i class=\"flaticon flaticon-right-arrow\"><\/i>\n\t\t\t\t<\/a>\n\t\t    <\/div>\n\n\t\t<\/div>\n\n\t\n\t\n\t\t\n\t\n\t\t<div class=\"ova-service-box-template1\">\n\n\t\t\t \n\t\t\t    <div class=\"mask\" style=\"background-image: url(http:\/\/demo.ovatheme.com\/mellis\/wp-content\/uploads\/2022\/08\/flowers2.png)\"><\/div>\n\t\t    \n\t\t    <div class=\"img-service\">\t\n\t\t    \t<img decoding=\"async\" src=\"https:\/\/visagiocollege.de\/wp-content\/uploads\/2022\/08\/Home_Noi-mi-200x200.jpeg\" alt=\"N\u1ed1i mi &#038; Nails (C\u01a1 b\u1ea3n v\u00e0 chuy\u00ean nghi\u1ec7p)\">\n\t\t    \t\t\t\t\t\t<div class=\"icon\">\n\t\t\t\t\t\t<i class=\"flaticon-lotus\"><\/i>\n\t\t\t\t\t<\/div>\n\t\t\t\t\t\t    <\/div>\n\t\t    \n\t\t    <div class=\"info\">\n\t\t    \t\t\t\t\t\t<a href=\"https:\/\/visagiocollege.de\/de\/service\/mi-nails\/\"  title=\"Nagel - Wimpern - Designer\">\n\t\t\t\t\n\t\t\t        \t\t\t\t\t\t<h4 class=\"title\">\n\t\t\t\t\t\t\tNagel - Wimpern - Designer\t\t\t\t\t\t<\/h4>\n\t\t\t\t\t\n\t\t\t\t\t\t\t\t\t<\/a>\n\t\t\t\t               \n                \n\t\t\t\t<a class=\"book-button\" href=\"https:\/\/visagiocollege.de\/de\/service\/mi-nails\/\"  title=\"Nagel - Wimpern - Designer\">\n\t\t\t\t\tWeiterlesen\t\t\t\t\t<i class=\"flaticon flaticon-right-arrow\"><\/i>\n\t\t\t\t<\/a>\n\t\t    <\/div>\n\n\t\t<\/div>\n\n\t\n\t\n\t\t\n\t\n\t\t<div class=\"ova-service-box-template1\">\n\n\t\t\t \n\t\t\t    <div class=\"mask\" style=\"background-image: url(http:\/\/demo.ovatheme.com\/mellis\/wp-content\/uploads\/2022\/08\/flowers2.png)\"><\/div>\n\t\t    \n\t\t    <div class=\"img-service\">\t\n\t\t    \t<img decoding=\"async\" src=\"https:\/\/visagiocollege.de\/wp-content\/uploads\/2022\/08\/MASSAGE-3-200x200.jpg\" alt=\"Phun x\u0103m &#038; \u0110i\u00eau kh\u1eafc th\u1ea9m m\u1ef9\">\n\t\t    \t\t\t\t\t\t<div class=\"icon\">\n\t\t\t\t\t\t<i class=\"flaticon-stones\"><\/i>\n\t\t\t\t\t<\/div>\n\t\t\t\t\t\t    <\/div>\n\t\t    \n\t\t    <div class=\"info\">\n\t\t    \t\t\t\t\t\t<a href=\"https:\/\/visagiocollege.de\/de\/service\/phun-xam-dieu-khac-tham-my\/\"  title=\"Permanent Makeup - Microblading\">\n\t\t\t\t\n\t\t\t        \t\t\t\t\t\t<h4 class=\"title\">\n\t\t\t\t\t\t\tPermanent Makeup - Microblading\t\t\t\t\t\t<\/h4>\n\t\t\t\t\t\n\t\t\t\t\t\t\t\t\t<\/a>\n\t\t\t\t               \n                \n\t\t\t\t<a class=\"book-button\" href=\"https:\/\/visagiocollege.de\/de\/service\/phun-xam-dieu-khac-tham-my\/\"  title=\"Permanent Makeup - Microblading\">\n\t\t\t\t\tWeiterlesen\t\t\t\t\t<i class=\"flaticon flaticon-right-arrow\"><\/i>\n\t\t\t\t<\/a>\n\t\t    <\/div>\n\n\t\t<\/div>\n\n\t\n\t\n\t\t\n\t\n\t\t<div class=\"ova-service-box-template1\">\n\n\t\t\t \n\t\t\t    <div class=\"mask\" style=\"background-image: url(http:\/\/demo.ovatheme.com\/mellis\/wp-content\/uploads\/2022\/08\/flowers2.png)\"><\/div>\n\t\t    \n\t\t    <div class=\"img-service\">\t\n\t\t    \t<img decoding=\"async\" src=\"https:\/\/visagiocollege.de\/wp-content\/uploads\/2022\/08\/MASSAGE-1-200x200.jpg\" alt=\"Waxing chuy\u00ean nghi\u1ec7p\">\n\t\t    \t\t\t\t\t\t<div class=\"icon\">\n\t\t\t\t\t\t<i class=\"flaticon-aroma\"><\/i>\n\t\t\t\t\t<\/div>\n\t\t\t\t\t\t    <\/div>\n\t\t    \n\t\t    <div class=\"info\">\n\t\t    \t\t\t\t\t\t<a href=\"https:\/\/visagiocollege.de\/de\/service\/waxing-chuyen-nghiep\/\"  title=\"Waxing\">\n\t\t\t\t\n\t\t\t        \t\t\t\t\t\t<h4 class=\"title\">\n\t\t\t\t\t\t\tWaxing\t\t\t\t\t\t<\/h4>\n\t\t\t\t\t\n\t\t\t\t\t\t\t\t\t<\/a>\n\t\t\t\t               \n                \n\t\t\t\t<a class=\"book-button\" href=\"https:\/\/visagiocollege.de\/de\/service\/waxing-chuyen-nghiep\/\"  title=\"Waxing\">\n\t\t\t\t\tWeiterlesen\t\t\t\t\t<i class=\"flaticon flaticon-right-arrow\"><\/i>\n\t\t\t\t<\/a>\n\t\t    <\/div>\n\n\t\t<\/div>\n\n\t\n\t\n\t\t\n\t\n\t\t<div class=\"ova-service-box-template1\">\n\n\t\t\t \n\t\t\t    <div class=\"mask\" style=\"background-image: url(http:\/\/demo.ovatheme.com\/mellis\/wp-content\/uploads\/2022\/08\/flowers2.png)\"><\/div>\n\t\t    \n\t\t    <div class=\"img-service\">\t\n\t\t    \t<img decoding=\"async\" src=\"https:\/\/visagiocollege.de\/wp-content\/uploads\/2022\/08\/service-01.jpg\" alt=\"Medizinische Fu\u00dfpflege (Ch\u0103m s\u00f3c ch\u00e2n th\u1ecbnh h\u00e0nh)\">\n\t\t    \t\t\t\t\t\t<div class=\"icon\">\n\t\t\t\t\t\t<i class=\"flaticon-herbs\"><\/i>\n\t\t\t\t\t<\/div>\n\t\t\t\t\t\t    <\/div>\n\t\t    \n\t\t    <div class=\"info\">\n\t\t    \t\t\t\t\t\t<a href=\"https:\/\/visagiocollege.de\/de\/service\/fuspflege\/\"  title=\"Medizinische Fu\u00dfpflege\">\n\t\t\t\t\n\t\t\t        \t\t\t\t\t\t<h4 class=\"title\">\n\t\t\t\t\t\t\tMedizinische Fu\u00dfpflege\t\t\t\t\t\t<\/h4>\n\t\t\t\t\t\n\t\t\t\t\t\t\t\t\t<\/a>\n\t\t\t\t               \n                \n\t\t\t\t<a class=\"book-button\" href=\"https:\/\/visagiocollege.de\/de\/service\/fuspflege\/\"  title=\"Medizinische Fu\u00dfpflege\">\n\t\t\t\t\tWeiterlesen\t\t\t\t\t<i class=\"flaticon flaticon-right-arrow\"><\/i>\n\t\t\t\t<\/a>\n\t\t    <\/div>\n\n\t\t<\/div>\n\n\t\n\t\n<\/div>\t\t\t\t<\/div>\n\t\t\t\t<\/div>\n\t\t\t\t\t<\/div>\n\t\t<\/div>\n\t\t\t\t\t<\/div>\n\t\t<\/section>\n\t\t\t\t<section class=\"elementor-section elementor-top-section elementor-element elementor-element-3d7db45 elementor-section-full_width elementor-section-height-default elementor-section-height-default\" data-id=\"3d7db45\" data-element_type=\"section\" data-settings=\"{&quot;background_background&quot;:&quot;classic&quot;}\">\n\t\t\t\t\t\t<div class=\"elementor-container elementor-column-gap-no\">\n\t\t\t\t\t<div class=\"elementor-column elementor-col-33 elementor-top-column elementor-element elementor-element-c885f94\" data-id=\"c885f94\" data-element_type=\"column\">\n\t\t\t<div class=\"elementor-widget-wrap elementor-element-populated\">\n\t\t\t\t\t\t<div class=\"elementor-element elementor-element-826ea0e elementor-widget elementor-widget-spacer\" data-id=\"826ea0e\" data-element_type=\"widget\" data-widget_type=\"spacer.default\">\n\t\t\t\t<div class=\"elementor-widget-container\">\n\t\t\t\t\t\t\t<div class=\"elementor-spacer\">\n\t\t\t<div class=\"elementor-spacer-inner\"><\/div>\n\t\t<\/div>\n\t\t\t\t\t\t<\/div>\n\t\t\t\t<\/div>\n\t\t\t\t<div class=\"elementor-element elementor-element-cadf290 elementor-widget__width-inherit elementor-widget elementor-widget-image\" data-id=\"cadf290\" data-element_type=\"widget\" data-widget_type=\"image.default\">\n\t\t\t\t<div class=\"elementor-widget-container\">\n\t\t\t\t\t\t\t\t\t\t\t\t\t\t\t<img fetchpriority=\"high\" decoding=\"async\" width=\"1894\" height=\"731\" src=\"https:\/\/visagiocollege.de\/wp-content\/uploads\/2022\/08\/background-revslider-07.jpg\" class=\"attachment-full size-full wp-image-319\" alt=\"\" srcset=\"https:\/\/visagiocollege.de\/wp-content\/uploads\/2022\/08\/background-revslider-07.jpg 1894w, https:\/\/visagiocollege.de\/wp-content\/uploads\/2022\/08\/background-revslider-07-600x232.jpg 600w, https:\/\/visagiocollege.de\/wp-content\/uploads\/2022\/08\/background-revslider-07-300x116.jpg 300w, https:\/\/visagiocollege.de\/wp-content\/uploads\/2022\/08\/background-revslider-07-1024x395.jpg 1024w, https:\/\/visagiocollege.de\/wp-content\/uploads\/2022\/08\/background-revslider-07-768x296.jpg 768w, https:\/\/visagiocollege.de\/wp-content\/uploads\/2022\/08\/background-revslider-07-1536x593.jpg 1536w, https:\/\/visagiocollege.de\/wp-content\/uploads\/2022\/08\/background-revslider-07-18x7.jpg 18w\" sizes=\"(max-width: 1894px) 100vw, 1894px\" \/>\t\t\t\t\t\t\t\t\t\t\t\t\t\t\t<\/div>\n\t\t\t\t<\/div>\n\t\t\t\t\t<\/div>\n\t\t<\/div>\n\t\t\t\t<div class=\"elementor-column elementor-col-66 elementor-top-column elementor-element elementor-element-dcd06b2\" data-id=\"dcd06b2\" data-element_type=\"column\" data-settings=\"{&quot;background_background&quot;:&quot;classic&quot;}\">\n\t\t\t<div class=\"elementor-widget-wrap elementor-element-populated\">\n\t\t\t\t\t\t<div class=\"elementor-element elementor-element-8700112 elementor-widget__width-auto elementor-widget elementor-widget-mellis_elementor_heading\" data-id=\"8700112\" data-element_type=\"widget\" data-widget_type=\"mellis_elementor_heading.default\">\n\t\t\t\t<div class=\"elementor-widget-container\">\n\t\t\t\t\t\t\t<div class=\"ova-title\">\n\n\t\t\t\n\t\t\t\t\t\t\t\n\t\t\t\t\t\t\t<h2 class=\"title\">\n\n\t\t\t\t\t\t\t\tKontaktieren Sie uns, um mehr \u00fcber die Job-Center F\u00f6rderung und die verschiedenen Kurse zu erfahren. Gemeinsam gestalten wir Ihren Weg zu einer erfolgreichen Zukunft in der Kosmetikbranche.\t\t\t\t\t\t\t\t \n\n\t\t\t\t\t\t\t<\/h2>\n\t\t\t\t\t\t\t\n\t\t\t\n\t\t\t\n\t\t<\/div>\n\t\t \t\n\n\t\t\t\t\t\t<\/div>\n\t\t\t\t<\/div>\n\t\t\t\t<div class=\"elementor-element elementor-element-8550fbb elementor-widget elementor-widget-spacer\" data-id=\"8550fbb\" data-element_type=\"widget\" data-widget_type=\"spacer.default\">\n\t\t\t\t<div class=\"elementor-widget-container\">\n\t\t\t\t\t\t\t<div class=\"elementor-spacer\">\n\t\t\t<div class=\"elementor-spacer-inner\"><\/div>\n\t\t<\/div>\n\t\t\t\t\t\t<\/div>\n\t\t\t\t<\/div>\n\t\t\t\t<div class=\"elementor-element elementor-element-9755252 elementor-widget__width-auto elementor-widget elementor-widget-button\" data-id=\"9755252\" data-element_type=\"widget\" data-widget_type=\"button.default\">\n\t\t\t\t<div class=\"elementor-widget-container\">\n\t\t\t\t\t\t\t\t\t<div class=\"elementor-button-wrapper\">\n\t\t\t\t\t<a class=\"elementor-button elementor-button-link elementor-size-sm\" href=\"https:\/\/visagiocollege.de\/de\/lien-he\/\">\n\t\t\t\t\t\t<span class=\"elementor-button-content-wrapper\">\n\t\t\t\t\t\t\t\t\t<span class=\"elementor-button-text\">Jetzt kontaktieren<\/span>\n\t\t\t\t\t<\/span>\n\t\t\t\t\t<\/a>\n\t\t\t\t<\/div>\n\t\t\t\t\t\t\t\t<\/div>\n\t\t\t\t<\/div>\n\t\t\t\t\t<\/div>\n\t\t<\/div>\n\t\t\t\t\t<\/div>\n\t\t<\/section>\n\t\t\t\t<section class=\"elementor-section elementor-top-section elementor-element elementor-element-4b0e684 elementor-section-boxed elementor-section-height-default elementor-section-height-default\" data-id=\"4b0e684\" data-element_type=\"section\" data-settings=\"{&quot;background_background&quot;:&quot;gradient&quot;}\">\n\t\t\t\t\t\t\t<div class=\"elementor-background-overlay\"><\/div>\n\t\t\t\t\t\t\t<div class=\"elementor-container elementor-column-gap-no\">\n\t\t\t\t\t<div class=\"elementor-column elementor-col-50 elementor-top-column elementor-element elementor-element-f317888\" data-id=\"f317888\" data-element_type=\"column\">\n\t\t\t<div class=\"elementor-widget-wrap elementor-element-populated\">\n\t\t\t\t\t\t<div class=\"elementor-element elementor-element-8d17306 elementor-widget elementor-widget-mellis_elementor_heading\" data-id=\"8d17306\" data-element_type=\"widget\" data-widget_type=\"mellis_elementor_heading.default\">\n\t\t\t\t<div class=\"elementor-widget-container\">\n\t\t\t\t\t\t\t<div class=\"ova-title\">\n\n\t\t\t\t\t\t\t<h3 class=\"sub-title\">KONTAKT<\/h3>\n\t\t\t\n\t\t\t\t\t\t\t\n\t\t\t\t\t\t\t<h2 class=\"title\">\n\n\t\t\t\t\t\t\t\t\nJetzt anmelden!\n\t\t\t\t\t\t\t\t \n\n\t\t\t\t\t\t\t<\/h2>\n\t\t\t\t\t\t\t\n\t\t\t\n\t\t\t\t\t\t\t<p class=\"description\"> Kontaktieren Sie uns, um mehr \u00fcber die Job-Center F\u00f6rderung und die verschiedenen Kurse zu erfahren. Gemeinsam gestalten wir Ihren Weg zu einer erfolgreichen Zukunft in der Kosmetikbranche. <\/p>\n\t\t\t\n\t\t<\/div>\n\t\t \t\n\n\t\t\t\t\t\t<\/div>\n\t\t\t\t<\/div>\n\t\t\t\t<section class=\"elementor-section elementor-inner-section elementor-element elementor-element-b4d6db9 elementor-section-full_width elementor-section-height-default elementor-section-height-default\" data-id=\"b4d6db9\" data-element_type=\"section\">\n\t\t\t\t\t\t<div class=\"elementor-container elementor-column-gap-no\">\n\t\t\t\t\t<div class=\"elementor-column elementor-col-100 elementor-inner-column elementor-element elementor-element-3662301\" data-id=\"3662301\" data-element_type=\"column\">\n\t\t\t<div class=\"elementor-widget-wrap elementor-element-populated\">\n\t\t\t\t\t\t<div class=\"elementor-element elementor-element-f6e380e elementor-widget elementor-widget-image\" data-id=\"f6e380e\" data-element_type=\"widget\" data-widget_type=\"image.default\">\n\t\t\t\t<div class=\"elementor-widget-container\">\n\t\t\t\t\t\t\t\t\t\t\t\t\t\t\t<img decoding=\"async\" width=\"800\" height=\"362\" src=\"https:\/\/visagiocollege.de\/wp-content\/uploads\/2023\/08\/WhatsApp-Image-2023-08-06-at-09.06.48-1024x463.jpeg\" class=\"attachment-large size-large wp-image-4155\" alt=\"\" srcset=\"https:\/\/visagiocollege.de\/wp-content\/uploads\/2023\/08\/WhatsApp-Image-2023-08-06-at-09.06.48-1024x463.jpeg 1024w, https:\/\/visagiocollege.de\/wp-content\/uploads\/2023\/08\/WhatsApp-Image-2023-08-06-at-09.06.48-300x136.jpeg 300w, https:\/\/visagiocollege.de\/wp-content\/uploads\/2023\/08\/WhatsApp-Image-2023-08-06-at-09.06.48-768x347.jpeg 768w, https:\/\/visagiocollege.de\/wp-content\/uploads\/2023\/08\/WhatsApp-Image-2023-08-06-at-09.06.48-1536x694.jpeg 1536w, https:\/\/visagiocollege.de\/wp-content\/uploads\/2023\/08\/WhatsApp-Image-2023-08-06-at-09.06.48-18x8.jpeg 18w, https:\/\/visagiocollege.de\/wp-content\/uploads\/2023\/08\/WhatsApp-Image-2023-08-06-at-09.06.48-600x271.jpeg 600w, https:\/\/visagiocollege.de\/wp-content\/uploads\/2023\/08\/WhatsApp-Image-2023-08-06-at-09.06.48.jpeg 2000w\" sizes=\"(max-width: 800px) 100vw, 800px\" \/>\t\t\t\t\t\t\t\t\t\t\t\t\t\t\t<\/div>\n\t\t\t\t<\/div>\n\t\t\t\t\t<\/div>\n\t\t<\/div>\n\t\t\t\t\t<\/div>\n\t\t<\/section>\n\t\t\t\t\t<\/div>\n\t\t<\/div>\n\t\t\t\t<div class=\"elementor-column elementor-col-50 elementor-top-column elementor-element elementor-element-50202f2\" data-id=\"50202f2\" data-element_type=\"column\">\n\t\t\t<div class=\"elementor-widget-wrap elementor-element-populated\">\n\t\t\t\t\t\t<div class=\"elementor-element elementor-element-469cc3c elementor-widget elementor-widget-shortcode\" data-id=\"469cc3c\" data-element_type=\"widget\" data-widget_type=\"shortcode.default\">\n\t\t\t\t<div class=\"elementor-widget-container\">\n\t\t\t\t\t\t\t<div class=\"elementor-shortcode\">\n<div class=\"wpcf7 no-js\" id=\"wpcf7-f2480-o1\" lang=\"en-US\" dir=\"ltr\" data-wpcf7-id=\"2480\">\n<div class=\"screen-reader-response\"><p role=\"status\" aria-live=\"polite\" aria-atomic=\"true\"><\/p> <ul><\/ul><\/div>\n<form action=\"\/de\/wp-json\/wp\/v2\/pages\/26#wpcf7-f2480-o1\" method=\"post\" class=\"wpcf7-form init\" aria-label=\"Contact form\" novalidate=\"novalidate\" data-status=\"init\" data-trp-original-action=\"\/de\/wp-json\/wp\/v2\/pages\/26#wpcf7-f2480-o1\">\n<div style=\"display: none;\">\n<input type=\"hidden\" name=\"_wpcf7\" value=\"2480\" \/>\n<input type=\"hidden\" name=\"_wpcf7_version\" value=\"6.0.6\" \/>\n<input type=\"hidden\" name=\"_wpcf7_locale\" value=\"en_US\" \/>\n<input type=\"hidden\" name=\"_wpcf7_unit_tag\" value=\"wpcf7-f2480-o1\" \/>\n<input type=\"hidden\" name=\"_wpcf7_container_post\" value=\"0\" \/>\n<input type=\"hidden\" name=\"_wpcf7_posted_data_hash\" value=\"\" \/>\n<\/div>\n<div class=\"ova-wpcf7 ova-contact-page form-service\">\n\t<div class=\"text-email\">\n\t\t<div class=\"ova-full-witdh\">\n\t\t\t<p><span class=\"wpcf7-form-control-wrap\" data-name=\"your-name\"><input size=\"40\" maxlength=\"400\" class=\"wpcf7-form-control wpcf7-text wpcf7-validates-as-required name\" aria-required=\"true\" aria-invalid=\"false\" placeholder=\"Ihr Name\" value=\"\" type=\"text\" name=\"your-name\" \/><\/span>\n\t\t\t<\/p>\n\t\t<\/div>\n\t<\/div>\n\t<div class=\"text-email\">\n\t\t<div class=\"ova-email ova-full-witdh\">\n\t\t\t<p><span class=\"wpcf7-form-control-wrap\" data-name=\"your-email\"><input size=\"40\" maxlength=\"400\" class=\"wpcf7-form-control wpcf7-email wpcf7-validates-as-required wpcf7-text wpcf7-validates-as-email email\" aria-required=\"true\" aria-invalid=\"false\" placeholder=\"Ihre E-Mail-Adresse\" value=\"\" type=\"email\" name=\"your-email\" \/><\/span>\n\t\t\t<\/p>\n\t\t<\/div>\n\t<\/div>\n\t<div class=\"text-email\">\n\t\t<div class=\"ova-text\">\n\t\t\t<p><span class=\"wpcf7-form-control-wrap\" data-name=\"yourphone\"><input size=\"40\" maxlength=\"400\" class=\"wpcf7-form-control wpcf7-tel wpcf7-validates-as-required wpcf7-text wpcf7-validates-as-tel name\" aria-required=\"true\" aria-invalid=\"false\" placeholder=\"Ihre Telefonnummer\" value=\"\" type=\"tel\" name=\"yourphone\" \/><\/span>\n\t\t\t<\/p>\n\t\t<\/div>\n\t\t<div class=\"\">\n\t\t\t<p><span class=\"wpcf7-form-control-wrap\" data-name=\"service\"><input size=\"40\" maxlength=\"400\" class=\"wpcf7-form-control wpcf7-text wpcf7-validates-as-required service\" aria-required=\"true\" aria-invalid=\"false\" placeholder=\"Ausbildungsprogramm\" value=\"\" type=\"text\" name=\"service\" \/><\/span>\n\t\t\t<\/p>\n\t\t<\/div>\n\t<\/div>\n\t<div class=\"ova-textarea\">\n\t\t<p><span class=\"wpcf7-form-control-wrap\" data-name=\"your-message\"><textarea cols=\"40\" rows=\"10\" maxlength=\"2000\" class=\"wpcf7-form-control wpcf7-textarea comment\" aria-invalid=\"false\" placeholder=\"Ihre Nachricht\" name=\"your-message\"><\/textarea><\/span>\n\t\t<\/p>\n\t<\/div>\n\t<div class=\"ova-submit ova-contact-submit\">\n\t\t<p><button type=\"submit\" class=\"wpcf7-form-control has-spinner wpcf7-submit\"><span>G\u1eedi \u0111i<\/span><\/button>\n\t\t<\/p>\n\t<\/div>\n<\/div><div class=\"wpcf7-response-output\" aria-hidden=\"true\"><\/div>\n<input type=\"hidden\" name=\"trp-form-language\" value=\"de\"\/><\/form>\n<\/div>\n<\/div>\n\t\t\t\t\t\t<\/div>\n\t\t\t\t<\/div>\n\t\t\t\t\t<\/div>\n\t\t<\/div>\n\t\t\t\t\t<\/div>\n\t\t<\/section>\n\t\t\t\t<\/div>","protected":false},"excerpt":{"rendered":"<p>\u0110\u00c0O T\u1ea0O C\u00c1C KHO\u00c1 H\u1eccC Ch\u00fang t\u00f4i cung c\u1ea5p c\u00e1c kho\u00e1 h\u1ecdc \u0111\u00e0o t\u1ea1o th\u1ea9m m\u1ef9 v\u00e0 ch\u0103m s\u00f3c s\u1eafc \u0111\u1eb9p \u0111\u01b0\u1ee3c \u01b0a chu\u1ed9ng nh\u1ea5t hi\u1ec7n nay t\u1ea1i Ch\u00e2u \u00c2u. Kh\u00f3a h\u1ecdc c\u1ee7a ch\u00fang t\u00f4i \u0111\u01b0\u1ee3c gi\u1ea3ng d\u1ea1y b\u1edfi chuy\u00ean gia v\u1edbi h\u01a1n 15 n\u0103m kinh nghi\u1ec7m v\u00e0 \u0111\u01b0\u1ee3c ch\u1ee9ng nh\u1eadn AZAV. Nh\u1eefng h\u1ecdc vi\u00ean [&hellip;]<\/p>","protected":false},"author":2,"featured_media":0,"parent":0,"menu_order":0,"comment_status":"closed","ping_status":"closed","template":"elementor_header_footer","meta":{"footnotes":""},"class_list":["post-26","page","type-page","status-publish","hentry"],"_links":{"self":[{"href":"https:\/\/visagiocollege.de\/de\/wp-json\/wp\/v2\/pages\/26","targetHints":{"allow":["GET"]}}],"collection":[{"href":"https:\/\/visagiocollege.de\/de\/wp-json\/wp\/v2\/pages"}],"about":[{"href":"https:\/\/visagiocollege.de\/de\/wp-json\/wp\/v2\/types\/page"}],"author":[{"embeddable":true,"href":"https:\/\/visagiocollege.de\/de\/wp-json\/wp\/v2\/users\/2"}],"replies":[{"embeddable":true,"href":"https:\/\/visagiocollege.de\/de\/wp-json\/wp\/v2\/comments?post=26"}],"version-history":[{"count":12,"href":"https:\/\/visagiocollege.de\/de\/wp-json\/wp\/v2\/pages\/26\/revisions"}],"predecessor-version":[{"id":4409,"href":"https:\/\/visagiocollege.de\/de\/wp-json\/wp\/v2\/pages\/26\/revisions\/4409"}],"wp:attachment":[{"href":"https:\/\/visagiocollege.de\/de\/wp-json\/wp\/v2\/media?parent=26"}],"curies":[{"name":"wp","href":"https:\/\/api.w.org\/{rel}","templated":true}]}}